{"id":381,"date":"2024-04-08T16:55:34","date_gmt":"2024-04-08T19:55:34","guid":{"rendered":"https:\/\/ecomtel.com.br\/?page_id=381"},"modified":"2024-04-19T19:49:07","modified_gmt":"2024-04-19T22:49:07","slug":"home","status":"publish","type":"page","link":"https:\/\/ecomtel.com.br\/","title":{"rendered":"Home"},"content":{"rendered":"\t\t<div data-elementor-type=\"wp-page\" data-elementor-id=\"381\" class=\"elementor elementor-381\">\n\t\t\t\t<div class=\"elementor-element elementor-element-c12e703 e-con-full e-flex e-con e-parent\" data-id=\"c12e703\" data-element_type=\"container\">\n\t\t\t\t<div class=\"elementor-element elementor-element-cce20df elementor-widget elementor-widget-image\" data-id=\"cce20df\" data-element_type=\"widget\" data-widget_type=\"image.default\">\n\t\t\t\t<div class=\"elementor-widget-container\">\n\t\t\t\t\t\t\t\t\t\t\t\t\t\t\t<img fetchpriority=\"high\" decoding=\"async\" width=\"1639\" height=\"503\" src=\"https:\/\/i0.wp.com\/ecomtel.com.br\/wp-content\/uploads\/2024\/04\/img-1.webp?fit=1639%2C503&amp;ssl=1\" class=\"attachment-full size-full wp-image-814\" alt=\"\" srcset=\"https:\/\/i0.wp.com\/ecomtel.com.br\/wp-content\/uploads\/2024\/04\/img-1.webp?w=1639&amp;ssl=1 1639w, https:\/\/i0.wp.com\/ecomtel.com.br\/wp-content\/uploads\/2024\/04\/img-1.webp?resize=300%2C92&amp;ssl=1 300w, https:\/\/i0.wp.com\/ecomtel.com.br\/wp-content\/uploads\/2024\/04\/img-1.webp?resize=1024%2C314&amp;ssl=1 1024w, https:\/\/i0.wp.com\/ecomtel.com.br\/wp-content\/uploads\/2024\/04\/img-1.webp?resize=768%2C236&amp;ssl=1 768w, https:\/\/i0.wp.com\/ecomtel.com.br\/wp-content\/uploads\/2024\/04\/img-1.webp?resize=1536%2C471&amp;ssl=1 1536w, https:\/\/i0.wp.com\/ecomtel.com.br\/wp-content\/uploads\/2024\/04\/img-1.webp?resize=600%2C184&amp;ssl=1 600w\" sizes=\"(max-width: 1200px) 100vw, 1200px\" \/>\t\t\t\t\t\t\t\t\t\t\t\t\t\t\t<\/div>\n\t\t\t\t<\/div>\n\t\t\t\t<\/div>\n\t\t<div class=\"elementor-element elementor-element-2d74ce1 e-flex e-con-boxed e-con e-parent\" data-id=\"2d74ce1\" data-element_type=\"container\" data-settings=\"{&quot;background_background&quot;:&quot;classic&quot;}\">\n\t\t\t\t\t<div class=\"e-con-inner\">\n\t\t<div class=\"elementor-element elementor-element-16df295 e-con-full e-flex e-con e-child\" data-id=\"16df295\" data-element_type=\"container\">\n\t\t\t\t<div class=\"elementor-element elementor-element-fcbbc53 elementor-widget elementor-widget-heading\" data-id=\"fcbbc53\" data-element_type=\"widget\" data-widget_type=\"heading.default\">\n\t\t\t\t<div class=\"elementor-widget-container\">\n\t\t\t\t\t<h2 class=\"elementor-heading-title elementor-size-default\">Ecomtel \n<\/h2>\t\t\t\t<\/div>\n\t\t\t\t<\/div>\n\t\t\t\t<div class=\"elementor-element elementor-element-d58cc4b elementor-widget elementor-widget-heading\" data-id=\"d58cc4b\" data-element_type=\"widget\" data-widget_type=\"heading.default\">\n\t\t\t\t<div class=\"elementor-widget-container\">\n\t\t\t\t\t<h2 class=\"elementor-heading-title elementor-size-default\">Solu\u00e7\u00f5es Tecnol\u00f3gicas\n<\/h2>\t\t\t\t<\/div>\n\t\t\t\t<\/div>\n\t\t\t\t<\/div>\n\t\t<div class=\"elementor-element elementor-element-73b2d09 e-con-full e-flex e-con e-child\" data-id=\"73b2d09\" data-element_type=\"container\">\n\t\t\t\t<div class=\"elementor-element elementor-element-62e5868 elementor-widget__width-initial elementor-widget elementor-widget-heading\" data-id=\"62e5868\" data-element_type=\"widget\" data-widget_type=\"heading.default\">\n\t\t\t\t<div class=\"elementor-widget-container\">\n\t\t\t\t\t<h2 class=\"elementor-heading-title elementor-size-default\">    A Ecomtel atua com foco no desenvolvimento implanta\u00e7\u00e3o e gerenciamento de projetos em TIC(Tecnologia da Informa\u00e7\u00e3o e Comunica\u00e7\u00e3o) para redes fixas, m\u00f3veis e convergentes, com a\u00e7\u00e3o em todos os segmentos empresariais e em amplo portf\u00f3lio em servi\u00e7os,   infraestrutura  de voz, <br>Cabeamento Estruturado, rede de Dados,CFTV, fibra \u00f3ptica, solu\u00e7\u00f5es em Telefonia e Interfonia IP, SIP, PABX na Nuvem.<\/h2>\t\t\t\t<\/div>\n\t\t\t\t<\/div>\n\t\t\t\t<\/div>\n\t\t\t\t\t<\/div>\n\t\t\t\t<\/div>\n\t\t<div class=\"elementor-element elementor-element-0f3a4e2 e-con-full e-flex e-con e-parent\" data-id=\"0f3a4e2\" data-element_type=\"container\" data-settings=\"{&quot;background_background&quot;:&quot;classic&quot;}\">\n\t\t<div class=\"elementor-element elementor-element-6785cef e-con-full e-flex e-con e-child\" data-id=\"6785cef\" data-element_type=\"container\">\n\t\t\t\t<div class=\"elementor-element elementor-element-0da33ec elementor-widget elementor-widget-heading\" data-id=\"0da33ec\" data-element_type=\"widget\" data-widget_type=\"heading.default\">\n\t\t\t\t<div class=\"elementor-widget-container\">\n\t\t\t\t\t<h3 class=\"elementor-heading-title elementor-size-default\">Por que Escolher Ecomtel Solu\u00e7\u00f5es Tecnol\u00f3gicas?\n<\/h3>\t\t\t\t<\/div>\n\t\t\t\t<\/div>\n\t\t\t\t<div class=\"elementor-element elementor-element-8ed8ffc elementor-widget elementor-widget-heading\" data-id=\"8ed8ffc\" data-element_type=\"widget\" data-widget_type=\"heading.default\">\n\t\t\t\t<div class=\"elementor-widget-container\">\n\t\t\t\t\t<h5 class=\"elementor-heading-title elementor-size-default\">Desde a nossa funda\u00e7\u00e3o, trabalhamos com v\u00e1rios clientes \nem toda a \u00e1rea. Excelentes servi\u00e7os come\u00e7am e terminam \ncom profissionais experientes e simp\u00e1ticos, e \u00e9 por isso \nque valorizamos tanto a contrata\u00e7\u00e3o dos melhores para \nintegrar nossa equipe. Completamos projetos de forma \neficiente e dentro do cronograma, e vamos al\u00e9m para \ncriar relacionamentos duradouros com nossos clientes.\n\nTemos o prazer de oferecer servi\u00e7os de alto n\u00edvel aos \nmembros da comunidade. Nossos clientes adoram trabalhar \nconosco e muitos voltam sempre. Entre em contato para \nver o que podemos fazer por voc\u00ea.\n<\/h5>\t\t\t\t<\/div>\n\t\t\t\t<\/div>\n\t\t\t\t<\/div>\n\t\t\t\t<div class=\"elementor-element elementor-element-d76e8f2 elementor-widget elementor-widget-menu-anchor\" data-id=\"d76e8f2\" data-element_type=\"widget\" data-widget_type=\"menu-anchor.default\">\n\t\t\t\t<div class=\"elementor-widget-container\">\n\t\t\t\t\t\t\t<div class=\"elementor-menu-anchor\" id=\"por-que-escolher\"><\/div>\n\t\t\t\t\t\t<\/div>\n\t\t\t\t<\/div>\n\t\t<div class=\"elementor-element elementor-element-db0c48b e-con-full e-flex e-con e-child\" data-id=\"db0c48b\" data-element_type=\"container\">\n\t\t\t\t<div class=\"elementor-element elementor-element-b98a741 elementor-widget elementor-widget-image\" data-id=\"b98a741\" data-element_type=\"widget\" data-widget_type=\"image.default\">\n\t\t\t\t<div class=\"elementor-widget-container\">\n\t\t\t\t\t\t\t\t\t\t\t\t<figure class=\"wp-caption\">\n\t\t\t\t\t\t\t\t\t\t<img decoding=\"async\" width=\"1600\" height=\"1200\" src=\"https:\/\/i0.wp.com\/ecomtel.com.br\/wp-content\/uploads\/2024\/04\/Fachada-banner-AZUL-2.png?fit=1600%2C1200&amp;ssl=1\" class=\"attachment-full size-full wp-image-1404\" alt=\"\" srcset=\"https:\/\/i0.wp.com\/ecomtel.com.br\/wp-content\/uploads\/2024\/04\/Fachada-banner-AZUL-2.png?w=1600&amp;ssl=1 1600w, https:\/\/i0.wp.com\/ecomtel.com.br\/wp-content\/uploads\/2024\/04\/Fachada-banner-AZUL-2.png?resize=300%2C225&amp;ssl=1 300w, https:\/\/i0.wp.com\/ecomtel.com.br\/wp-content\/uploads\/2024\/04\/Fachada-banner-AZUL-2.png?resize=1024%2C768&amp;ssl=1 1024w, https:\/\/i0.wp.com\/ecomtel.com.br\/wp-content\/uploads\/2024\/04\/Fachada-banner-AZUL-2.png?resize=768%2C576&amp;ssl=1 768w, https:\/\/i0.wp.com\/ecomtel.com.br\/wp-content\/uploads\/2024\/04\/Fachada-banner-AZUL-2.png?resize=1536%2C1152&amp;ssl=1 1536w, https:\/\/i0.wp.com\/ecomtel.com.br\/wp-content\/uploads\/2024\/04\/Fachada-banner-AZUL-2.png?resize=600%2C450&amp;ssl=1 600w\" sizes=\"(max-width: 1200px) 100vw, 1200px\" \/>\t\t\t\t\t\t\t\t\t\t\t<figcaption class=\"widget-image-caption wp-caption-text\"><\/figcaption>\n\t\t\t\t\t\t\t\t\t\t<\/figure>\n\t\t\t\t\t\t\t\t\t<\/div>\n\t\t\t\t<\/div>\n\t\t\t\t<\/div>\n\t\t\t\t<\/div>\n\t\t<div class=\"elementor-element elementor-element-f541785 e-con-full e-flex e-con e-parent\" data-id=\"f541785\" data-element_type=\"container\">\n\t\t\t\t<div class=\"elementor-element elementor-element-de206fe elementor-widget elementor-widget-menu-anchor\" data-id=\"de206fe\" data-element_type=\"widget\" data-widget_type=\"menu-anchor.default\">\n\t\t\t\t<div class=\"elementor-widget-container\">\n\t\t\t\t\t\t\t<div class=\"elementor-menu-anchor\" id=\"nossos-servicos\"><\/div>\n\t\t\t\t\t\t<\/div>\n\t\t\t\t<\/div>\n\t\t\t\t<div class=\"elementor-element elementor-element-e37574b elementor-widget elementor-widget-heading\" data-id=\"e37574b\" data-element_type=\"widget\" data-widget_type=\"heading.default\">\n\t\t\t\t<div class=\"elementor-widget-container\">\n\t\t\t\t\t<h2 class=\"elementor-heading-title elementor-size-default\">NOSSOS SERVI\u00c7OS\n<\/h2>\t\t\t\t<\/div>\n\t\t\t\t<\/div>\n\t\t<div class=\"elementor-element elementor-element-48f66d5 e-flex e-con-boxed e-con e-child\" data-id=\"48f66d5\" data-element_type=\"container\">\n\t\t\t\t\t<div class=\"e-con-inner\">\n\t\t\t\t<div class=\"elementor-element elementor-element-24ef2b4 elementor-widget__width-initial elementor-view-default elementor-position-top elementor-mobile-position-top elementor-widget elementor-widget-icon-box\" data-id=\"24ef2b4\" data-element_type=\"widget\" data-widget_type=\"icon-box.default\">\n\t\t\t\t<div class=\"elementor-widget-container\">\n\t\t\t\t\t\t\t<div class=\"elementor-icon-box-wrapper\">\n\n\t\t\t\t\t\t<div class=\"elementor-icon-box-icon\">\n\t\t\t\t<span  class=\"elementor-icon\">\n\t\t\t\t<i aria-hidden=\"true\" class=\"fas fa-cloud\"><\/i>\t\t\t\t<\/span>\n\t\t\t<\/div>\n\t\t\t\n\t\t\t\t\t\t<div class=\"elementor-icon-box-content\">\n\n\t\t\t\t\t\t\t\t\t<h3 class=\"elementor-icon-box-title\">\n\t\t\t\t\t\t<span  >\n\t\t\t\t\t\t\tSolu\u00e7\u00f5es na Nuvem\t\t\t\t\t\t<\/span>\n\t\t\t\t\t<\/h3>\n\t\t\t\t\n\t\t\t\t\t\t\t\t\t<p class=\"elementor-icon-box-description\">\n\t\t\t\t\t\tCentrais Telefonia e Interfonia<br> \nInstala\u00e7\u00e3o de  Centrais Telef\u00f4nica<br>\nSolu\u00e7\u00e3o PABX Virtual ramais IP SIP<br> \nSolu\u00e7\u00e3o de interfonia IP <br>\nsem servidor SIP  \t\t\t\t\t<\/p>\n\t\t\t\t\n\t\t\t<\/div>\n\t\t\t\n\t\t<\/div>\n\t\t\t\t\t\t<\/div>\n\t\t\t\t<\/div>\n\t\t\t\t<div class=\"elementor-element elementor-element-c5ad8c6 elementor-widget__width-initial elementor-view-default elementor-position-top elementor-mobile-position-top elementor-widget elementor-widget-icon-box\" data-id=\"c5ad8c6\" data-element_type=\"widget\" data-widget_type=\"icon-box.default\">\n\t\t\t\t<div class=\"elementor-widget-container\">\n\t\t\t\t\t\t\t<div class=\"elementor-icon-box-wrapper\">\n\n\t\t\t\t\t\t<div class=\"elementor-icon-box-icon\">\n\t\t\t\t<span  class=\"elementor-icon\">\n\t\t\t\t<i aria-hidden=\"true\" class=\"fas fa-bacon\"><\/i>\t\t\t\t<\/span>\n\t\t\t<\/div>\n\t\t\t\n\t\t\t\t\t\t<div class=\"elementor-icon-box-content\">\n\n\t\t\t\t\t\t\t\t\t<h3 class=\"elementor-icon-box-title\">\n\t\t\t\t\t\t<span  >\n\t\t\t\t\t\t\tFibra \u00d3ptica\t\t\t\t\t\t<\/span>\n\t\t\t\t\t<\/h3>\n\t\t\t\t\n\t\t\t\t\t\t\t\t\t<p class=\"elementor-icon-box-description\">\n\t\t\t\t\t\tRede \u00d3ptica<br>\nGPON-FTTX<br>\nInstala\u00e7ao de DIOs, OLTs e ONU<br>\nInstala\u00e7\u00e3o de CTOs CEIPs<br>\nMet\u00e1licas e Elemento de redes<br>\nManuten\u00e7\u00e3o de rede \u00f2picas e met\u00e1licas<br>\nCadastro de redes<br>\nAceita\u00e7\u00f5es, diagn\u00f3stico Laudos T\u00e9cnicis<br>\t\t\t\t\t<\/p>\n\t\t\t\t\n\t\t\t<\/div>\n\t\t\t\n\t\t<\/div>\n\t\t\t\t\t\t<\/div>\n\t\t\t\t<\/div>\n\t\t\t\t<div class=\"elementor-element elementor-element-1db757c elementor-widget__width-initial elementor-view-default elementor-position-top elementor-mobile-position-top elementor-widget elementor-widget-icon-box\" data-id=\"1db757c\" data-element_type=\"widget\" data-widget_type=\"icon-box.default\">\n\t\t\t\t<div class=\"elementor-widget-container\">\n\t\t\t\t\t\t\t<div class=\"elementor-icon-box-wrapper\">\n\n\t\t\t\t\t\t<div class=\"elementor-icon-box-icon\">\n\t\t\t\t<span  class=\"elementor-icon\">\n\t\t\t\t<i aria-hidden=\"true\" class=\"fas fa-assistive-listening-systems\"><\/i>\t\t\t\t<\/span>\n\t\t\t<\/div>\n\t\t\t\n\t\t\t\t\t\t<div class=\"elementor-icon-box-content\">\n\n\t\t\t\t\t\t\t\t\t<h3 class=\"elementor-icon-box-title\">\n\t\t\t\t\t\t<span  >\n\t\t\t\t\t\t\tRede A\u00e9rea de Telecom\t\t\t\t\t\t<\/span>\n\t\t\t\t\t<\/h3>\n\t\t\t\t\n\t\t\t\t\t\t\t\t\t<p class=\"elementor-icon-box-description\">\n\t\t\t\t\t\tBra\u00e7adeira ajust\u00e1vel para poste<br>\nAbra\u00e7adeira p\/ Poste Duplo\"T\"e 4 Se\u00e7\u00f5es<br>\nAl\u00e7a Pr\u00e9 Formada Para Cabo CCE-APL<br>\nAl\u00e7a Pr\u00e9 Formada Para Cabo \u00d3ptica, <br>\nCabos compactos tipo Mini RA e ASU<br>\nAl\u00e7a Pr\u00e9 Formada Para Fio Fe AA 80\/100\/160<br>\t\t\t\t\t<\/p>\n\t\t\t\t\n\t\t\t<\/div>\n\t\t\t\n\t\t<\/div>\n\t\t\t\t\t\t<\/div>\n\t\t\t\t<\/div>\n\t\t\t\t\t<\/div>\n\t\t\t\t<\/div>\n\t\t<div class=\"elementor-element elementor-element-6f92f0d e-flex e-con-boxed e-con e-child\" data-id=\"6f92f0d\" data-element_type=\"container\">\n\t\t\t\t\t<div class=\"e-con-inner\">\n\t\t\t\t<div class=\"elementor-element elementor-element-f3a09a0 elementor-widget__width-initial elementor-view-default elementor-position-top elementor-mobile-position-top elementor-widget elementor-widget-icon-box\" data-id=\"f3a09a0\" data-element_type=\"widget\" data-widget_type=\"icon-box.default\">\n\t\t\t\t<div class=\"elementor-widget-container\">\n\t\t\t\t\t\t\t<div class=\"elementor-icon-box-wrapper\">\n\n\t\t\t\t\t\t<div class=\"elementor-icon-box-icon\">\n\t\t\t\t<span  class=\"elementor-icon\">\n\t\t\t\t<i aria-hidden=\"true\" class=\"fas fa-project-diagram\"><\/i>\t\t\t\t<\/span>\n\t\t\t<\/div>\n\t\t\t\n\t\t\t\t\t\t<div class=\"elementor-icon-box-content\">\n\n\t\t\t\t\t\t\t\t\t<h3 class=\"elementor-icon-box-title\">\n\t\t\t\t\t\t<span  >\n\t\t\t\t\t\t\tInfraestrutura<br> Rede de Dados \t\t\t\t\t\t<\/span>\n\t\t\t\t\t<\/h3>\n\t\t\t\t\n\t\t\t\t\t\t\t\t\t<p class=\"elementor-icon-box-description\">\n\t\t\t\t\t\tRede de cabeamento estruturado<br> \nCat5e, Cat6, Cat6A e Cat8<br> \nRacks 19\" e acess\u00f3rios<br> \nInfra para datacenter.<br> \t\t\t\t\t<\/p>\n\t\t\t\t\n\t\t\t<\/div>\n\t\t\t\n\t\t<\/div>\n\t\t\t\t\t\t<\/div>\n\t\t\t\t<\/div>\n\t\t\t\t<div class=\"elementor-element elementor-element-7a2cf5f elementor-widget__width-initial elementor-view-default elementor-position-top elementor-mobile-position-top elementor-widget elementor-widget-icon-box\" data-id=\"7a2cf5f\" data-element_type=\"widget\" data-widget_type=\"icon-box.default\">\n\t\t\t\t<div class=\"elementor-widget-container\">\n\t\t\t\t\t\t\t<div class=\"elementor-icon-box-wrapper\">\n\n\t\t\t\t\t\t<div class=\"elementor-icon-box-icon\">\n\t\t\t\t<span  class=\"elementor-icon\">\n\t\t\t\t<i aria-hidden=\"true\" class=\"fas fa-tv\"><\/i>\t\t\t\t<\/span>\n\t\t\t<\/div>\n\t\t\t\n\t\t\t\t\t\t<div class=\"elementor-icon-box-content\">\n\n\t\t\t\t\t\t\t\t\t<h3 class=\"elementor-icon-box-title\">\n\t\t\t\t\t\t<span  >\n\t\t\t\t\t\t\tInstala\u00e7\u00e3o CFTV\t\t\t\t\t\t<\/span>\n\t\t\t\t\t<\/h3>\n\t\t\t\t\n\t\t\t\t\t\t\t\t\t<p class=\"elementor-icon-box-description\">\n\t\t\t\t\t\tInstala\u00e7\u00e3o de c\u00e2meras IPs e Analogicas<br>\nInstala\u00e7\u00e3o de  DvRs<br>\nInstala\u00e7ao de Monitores<br>\nSala de Monitoramentos<br>\nInstala\u00e7\u00e3o de cabos e conectores<br>\nLinha completa de encaminhamento de cabos<br>\t\t\t\t\t<\/p>\n\t\t\t\t\n\t\t\t<\/div>\n\t\t\t\n\t\t<\/div>\n\t\t\t\t\t\t<\/div>\n\t\t\t\t<\/div>\n\t\t\t\t<div class=\"elementor-element elementor-element-4718421 elementor-widget__width-initial elementor-view-default elementor-position-top elementor-mobile-position-top elementor-widget elementor-widget-icon-box\" data-id=\"4718421\" data-element_type=\"widget\" data-widget_type=\"icon-box.default\">\n\t\t\t\t<div class=\"elementor-widget-container\">\n\t\t\t\t\t\t\t<div class=\"elementor-icon-box-wrapper\">\n\n\t\t\t\t\t\t<div class=\"elementor-icon-box-icon\">\n\t\t\t\t<span  class=\"elementor-icon\">\n\t\t\t\t<i aria-hidden=\"true\" class=\"fab fa-intercom\"><\/i>\t\t\t\t<\/span>\n\t\t\t<\/div>\n\t\t\t\n\t\t\t\t\t\t<div class=\"elementor-icon-box-content\">\n\n\t\t\t\t\t\t\t\t\t<h3 class=\"elementor-icon-box-title\">\n\t\t\t\t\t\t<span  >\n\t\t\t\t\t\t\tInfra Seca\t\t\t\t\t\t<\/span>\n\t\t\t\t\t<\/h3>\n\t\t\t\t\n\t\t\t\t\t\t\t\t\t<p class=\"elementor-icon-box-description\">\n\t\t\t\t\t\tInstala\u00e7\u00e3o de Eletrocalhas<br>\nInstala\u00e7\u00e3o de  Perfilados<br>\nInstala\u00e7\u00e3o de Eletrodutos <br>\ngalvanizados e PVC branco<br>\nCaixa de Passagem e acess\u00f3rios<br>\nInstala\u00e7\u00e3o de Canaletas e acess\u00f3rios<br>\t\t\t\t\t<\/p>\n\t\t\t\t\n\t\t\t<\/div>\n\t\t\t\n\t\t<\/div>\n\t\t\t\t\t\t<\/div>\n\t\t\t\t<\/div>\n\t\t\t\t\t<\/div>\n\t\t\t\t<\/div>\n\t\t\t\t<\/div>\n\t\t<div class=\"elementor-element elementor-element-aa0437a e-flex e-con-boxed e-con e-parent\" data-id=\"aa0437a\" data-element_type=\"container\">\n\t\t\t\t\t<div class=\"e-con-inner\">\n\t\t\t\t<div class=\"elementor-element elementor-element-47bfdf2 elementor-widget elementor-widget-heading\" data-id=\"47bfdf2\" data-element_type=\"widget\" data-widget_type=\"heading.default\">\n\t\t\t\t<div class=\"elementor-widget-container\">\n\t\t\t\t\t<h2 class=\"elementor-heading-title elementor-size-default\">Ecomtel \n<\/h2>\t\t\t\t<\/div>\n\t\t\t\t<\/div>\n\t\t\t\t\t<\/div>\n\t\t\t\t<\/div>\n\t\t<div class=\"elementor-element elementor-element-4d66f8d e-con-full e-flex e-con e-parent\" data-id=\"4d66f8d\" data-element_type=\"container\" data-settings=\"{&quot;background_background&quot;:&quot;classic&quot;}\">\n\t\t\t\t<div class=\"elementor-element elementor-element-a2333b5 elementor-widget elementor-widget-menu-anchor\" data-id=\"a2333b5\" data-element_type=\"widget\" data-widget_type=\"menu-anchor.default\">\n\t\t\t\t<div class=\"elementor-widget-container\">\n\t\t\t\t\t\t\t<div class=\"elementor-menu-anchor\" id=\"nossos-clientes\"><\/div>\n\t\t\t\t\t\t<\/div>\n\t\t\t\t<\/div>\n\t\t\t\t<div class=\"elementor-element elementor-element-0fd57d1 elementor-widget elementor-widget-heading\" data-id=\"0fd57d1\" data-element_type=\"widget\" data-widget_type=\"heading.default\">\n\t\t\t\t<div class=\"elementor-widget-container\">\n\t\t\t\t\t<h2 class=\"elementor-heading-title elementor-size-default\">NOSSOS CLIENTES<\/h2>\t\t\t\t<\/div>\n\t\t\t\t<\/div>\n\t\t\t\t<div class=\"elementor-element elementor-element-93f323b elementor-widget__width-initial elementor-widget elementor-widget-heading\" data-id=\"93f323b\" data-element_type=\"widget\" data-widget_type=\"heading.default\">\n\t\t\t\t<div class=\"elementor-widget-container\">\n\t\t\t\t\t<h2 class=\"elementor-heading-title elementor-size-default\">Nos dedicamos a atender as expectativas de nossos clientes e adquirimos experi\u00eancias valiosas em diversas compet\u00eancias por meio de nosso trabalho com empresas e indiv\u00edduos. \n<\/h2>\t\t\t\t<\/div>\n\t\t\t\t<\/div>\n\t\t\t\t<div class=\"elementor-element elementor-element-2793bc5 elementor-widget elementor-widget-image\" data-id=\"2793bc5\" data-element_type=\"widget\" data-widget_type=\"image.default\">\n\t\t\t\t<div class=\"elementor-widget-container\">\n\t\t\t\t\t\t\t\t\t\t\t\t\t\t\t<img decoding=\"async\" width=\"770\" height=\"434\" src=\"https:\/\/i0.wp.com\/ecomtel.com.br\/wp-content\/uploads\/2024\/04\/Screenshot_20240402-114236_Microsoft-365-Office.jpg?fit=770%2C434&amp;ssl=1\" class=\"attachment-full size-full wp-image-1113\" alt=\"\" srcset=\"https:\/\/i0.wp.com\/ecomtel.com.br\/wp-content\/uploads\/2024\/04\/Screenshot_20240402-114236_Microsoft-365-Office.jpg?w=770&amp;ssl=1 770w, https:\/\/i0.wp.com\/ecomtel.com.br\/wp-content\/uploads\/2024\/04\/Screenshot_20240402-114236_Microsoft-365-Office.jpg?resize=300%2C169&amp;ssl=1 300w, https:\/\/i0.wp.com\/ecomtel.com.br\/wp-content\/uploads\/2024\/04\/Screenshot_20240402-114236_Microsoft-365-Office.jpg?resize=768%2C433&amp;ssl=1 768w, https:\/\/i0.wp.com\/ecomtel.com.br\/wp-content\/uploads\/2024\/04\/Screenshot_20240402-114236_Microsoft-365-Office.jpg?resize=150%2C85&amp;ssl=1 150w, https:\/\/i0.wp.com\/ecomtel.com.br\/wp-content\/uploads\/2024\/04\/Screenshot_20240402-114236_Microsoft-365-Office.jpg?resize=600%2C338&amp;ssl=1 600w\" sizes=\"(max-width: 770px) 100vw, 770px\" \/>\t\t\t\t\t\t\t\t\t\t\t\t\t\t\t<\/div>\n\t\t\t\t<\/div>\n\t\t\t\t<\/div>\n\t\t\t\t<\/div>\n\t\t","protected":false},"excerpt":{"rendered":"<p>Ecomtel Solu\u00e7\u00f5es Tecnol\u00f3gicas A Ecomtel atua com foco no desenvolvimento implanta\u00e7\u00e3o e gerenciamento de projetos em TIC(Tecnologia da Informa\u00e7\u00e3o e Comunica\u00e7\u00e3o) para redes fixas, m\u00f3veis e convergentes, com a\u00e7\u00e3o em todos os segmentos empresariais e em amplo portf\u00f3lio em servi\u00e7os, infraestrutura de voz, Cabeamento Estruturado, rede de Dados,CFTV, fibra \u00f3ptica, solu\u00e7\u00f5es em Telefonia e Interfonia [&hellip;]<\/p>\n","protected":false},"author":2,"featured_media":0,"parent":0,"menu_order":0,"comment_status":"closed","ping_status":"closed","template":"elementor_header_footer","meta":{"_joinchat":[],"footnotes":""},"class_list":["post-381","page","type-page","status-publish","hentry"],"jetpack_sharing_enabled":true,"_links":{"self":[{"href":"https:\/\/ecomtel.com.br\/index.php?rest_route=\/wp\/v2\/pages\/381","targetHints":{"allow":["GET"]}}],"collection":[{"href":"https:\/\/ecomtel.com.br\/index.php?rest_route=\/wp\/v2\/pages"}],"about":[{"href":"https:\/\/ecomtel.com.br\/index.php?rest_route=\/wp\/v2\/types\/page"}],"author":[{"embeddable":true,"href":"https:\/\/ecomtel.com.br\/index.php?rest_route=\/wp\/v2\/users\/2"}],"replies":[{"embeddable":true,"href":"https:\/\/ecomtel.com.br\/index.php?rest_route=%2Fwp%2Fv2%2Fcomments&post=381"}],"version-history":[{"count":310,"href":"https:\/\/ecomtel.com.br\/index.php?rest_route=\/wp\/v2\/pages\/381\/revisions"}],"predecessor-version":[{"id":1439,"href":"https:\/\/ecomtel.com.br\/index.php?rest_route=\/wp\/v2\/pages\/381\/revisions\/1439"}],"wp:attachment":[{"href":"https:\/\/ecomtel.com.br\/index.php?rest_route=%2Fwp%2Fv2%2Fmedia&parent=381"}],"curies":[{"name":"wp","href":"https:\/\/api.w.org\/{rel}","templated":true}]}}